{"id":2888,"date":"2021-04-19T15:38:33","date_gmt":"2021-04-19T15:38:33","guid":{"rendered":"https:\/\/nv.inspirationfactory.net\/?page_id=2888"},"modified":"2021-04-20T19:37:59","modified_gmt":"2021-04-20T19:37:59","slug":"impressum","status":"publish","type":"page","link":"https:\/\/karriere-naturavitalis.de\/ru\/impressum\/","title":{"rendered":"\u0412\u044b\u0432\u043e\u0434"},"content":{"rendered":"<div data-elementor-type=\"wp-page\" data-elementor-id=\"2888\" class=\"elementor elementor-2888\" data-elementor-post-type=\"page\">\n\t\t\t\t\t\t<section class=\"elementor-section elementor-top-section elementor-element elementor-element-2edbf245 elementor-section-boxed elementor-section-height-default elementor-section-height-default\" data-id=\"2edbf245\" data-element_type=\"section\">\n\t\t\t\t\t\t<div class=\"elementor-container elementor-column-gap-wider\">\n\t\t\t\t\t<div class=\"elementor-column elementor-col-100 elementor-top-column elementor-element elementor-element-c9ce3d5\" data-id=\"c9ce3d5\" data-element_type=\"column\">\n\t\t\t<div class=\"elementor-widget-wrap elementor-element-populated\">\n\t\t\t\t\t\t<div class=\"elementor-element elementor-element-a894d8f elementor-widget elementor-widget-heading\" data-id=\"a894d8f\" data-element_type=\"widget\" data-widget_type=\"heading.default\">\n\t\t\t\t<div class=\"elementor-widget-container\">\n\t\t\t\t\t<h2 class=\"elementor-heading-title elementor-size-default\">\u0412\u044b\u0432\u043e\u0434<\/h2>\t\t\t\t<\/div>\n\t\t\t\t<\/div>\n\t\t\t\t<div class=\"elementor-element elementor-element-5d17c46 elementor-widget elementor-widget-text-editor\" data-id=\"5d17c46\" data-element_type=\"widget\" data-widget_type=\"text-editor.default\">\n\t\t\t\t<div class=\"elementor-widget-container\">\n\t\t\t\t\t\t\t\t\t<p class=\"p1\"><span class=\"s1\"><strong>Natura Vitalis\u00ae BV<\/strong><\/span><\/p><p class=\"p2\"><span class=\"s1\">\u0423\u043f\u0440\u0430\u0432\u043b\u044f\u044e\u0449\u0438\u0439 \u0434\u0438\u0440\u0435\u043a\u0442\u043e\u0440: \u0433-\u043d \u0424\u0440\u0430\u043d\u043a \u0424\u0435\u043b\u044c\u0442\u0435<\/span><\/p><p class=\"p2\"><span class=\"s1\">\u0413\u0440\u043e\u0435\u043d\u0435\u0432\u0435\u0433 12<br \/>6041 AX \u0420\u043e\u0435\u0440\u043c\u043e\u043d\u0434<br \/>\u041d\u0438\u0434\u0435\u0440\u043b\u0430\u043d\u0434\u044b<\/span><\/p><p class=\"p2\"><span class=\"s1\">\u0422\u0435\u043b\u0435\u0444\u043e\u043d: +31 (475) 63 41 92<br \/>\u0424\u0430\u043a\u0441: +31 (475) 33 40 22<br \/>\u042d\u043b\u0435\u043a\u0442\u0440\u043e\u043d\u043d\u0430\u044f \u043f\u043e\u0447\u0442\u0430:\u00a0<a href=\"\/ru\/&\/#109;&#x61;i&#108;&#x74;o&#x3a;&#x69;&#110;&#x66;o&#64;&#x6e;a&#116;&#x75;&#114;&#x61;v&#105;&#x74;a&#108;&#x69;&#115;&#x2e;&#x63;&#111;&#x6d;\"><span class=\"s3\">i&#110;&#x66;&#x6f;&#x40;n&#97;&#x74;&#x75;&#x72;a&#118;&#x69;&#x74;&#x61;l&#105;&#x73;&#x2e;&#x63;o&#109;<\/span><\/a><br \/>\u0418\u0434\u0435\u043d\u0442\u0438\u0444\u0438\u043a\u0430\u0446\u0438\u043e\u043d\u043d\u044b\u0439 \u043d\u043e\u043c\u0435\u0440 \u043d\u0430\u043b\u043e\u0433\u0430 \u0441 \u043f\u0440\u043e\u0434\u0430\u0436: NL813292621B01<\/span><\/p><p class=\"p2\"><span class=\"s1\">\u041a\u043e\u043c\u043c\u0435\u0440\u0447\u0435\u0441\u043a\u0438\u0439 \u0440\u0435\u0433\u0438\u0441\u0442\u0440 K.v.K Haaglanden<br \/>27267388<\/span><\/p><p class=\"p1\"><span class=\"s1\"><strong>\u0411\u0430\u043d\u043a\u043e\u0432\u0441\u043a\u0438\u0435 \u0440\u0435\u043a\u0432\u0438\u0437\u0438\u0442\u044b<\/strong><\/span><\/p><p class=\"p2\"><span class=\"s1\">\u0411\u0410\u041d\u041a: Geno-Volks-Bank Essen<\/span><\/p><p class=\"p2\"><span class=\"s1\">BIC: GENODEM1GBE<\/span><\/p><p class=\"p2\"><span class=\"s1\">\u0418\u0411\u0410\u041d: DE98 3606 0488 0405 3329 00<\/span><\/p><p class=\"p2\"><span class=\"s1\"><em>\u0423\u0432\u0435\u0434\u043e\u043c\u043b\u0435\u043d\u0438\u0435 \u043e\u0431 \u043e\u0442\u0432\u0435\u0442\u0441\u0442\u0432\u0435\u043d\u043d\u043e\u0441\u0442\u0438:<\/em><br \/>\u041d\u0435\u0441\u043c\u043e\u0442\u0440\u044f \u043d\u0430 \u0442\u0449\u0430\u0442\u0435\u043b\u044c\u043d\u044b\u0439 \u043a\u043e\u043d\u0442\u0440\u043e\u043b\u044c \u0441\u043e\u0434\u0435\u0440\u0436\u0430\u043d\u0438\u044f, \u043c\u044b \u043d\u0435 \u043d\u0435\u0441\u0435\u043c \u043d\u0438\u043a\u0430\u043a\u043e\u0439 \u043e\u0442\u0432\u0435\u0442\u0441\u0442\u0432\u0435\u043d\u043d\u043e\u0441\u0442\u0438 \u0437\u0430 \u0441\u043e\u0434\u0435\u0440\u0436\u0430\u043d\u0438\u0435 \u0432\u043d\u0435\u0448\u043d\u0438\u0445 \u0441\u0441\u044b\u043b\u043e\u043a. \u041e\u043f\u0435\u0440\u0430\u0442\u043e\u0440\u044b \u0441\u0442\u0440\u0430\u043d\u0438\u0446, \u043d\u0430 \u043a\u043e\u0442\u043e\u0440\u044b\u0435 \u0432\u0435\u0434\u0443\u0442 \u0441\u0441\u044b\u043b\u043a\u0438, \u043d\u0435\u0441\u0443\u0442 \u043f\u043e\u043b\u043d\u0443\u044e \u043e\u0442\u0432\u0435\u0442\u0441\u0442\u0432\u0435\u043d\u043d\u043e\u0441\u0442\u044c \u0437\u0430 \u0438\u0445 \u0441\u043e\u0434\u0435\u0440\u0436\u0430\u043d\u0438\u0435.<\/span><\/p>\t\t\t\t\t\t\t\t<\/div>\n\t\t\t\t<\/div>\n\t\t\t\t\t<\/div>\n\t\t<\/div>\n\t\t\t\t\t<\/div>\n\t\t<\/section>\n\t\t\t\t<\/div>","protected":false},"excerpt":{"rendered":"<p>Impressum Natura Vitalis\u00ae BV Gesch\u00e4ftsf\u00fchrer: Herr Frank Felte Groeneweg 126041 AX RoermondNiederlande Telefon: +31 (475) 63 41 92Telefax: +31 (475) 33 40 22eMail:\u00a0i&#110;&#x66;&#x6f;&#x40;n&#97;&#x74;&#x75;&#x72;a&#118;&#x69;&#x74;&#x61;l&#105;&#x73;&#x2e;&#x63;o&#109;Umsatzsteueridentifikationsnummer: NL813292621B01 Handelsregister K.v.K Haaglanden27267388 Bankverbindung BANK: Geno-Volks-Bank Essen BIC: GENODEM1GBE IBAN: DE98 3606 0488 0405 3329 00 Haftungshinweis:Trotz sorgf\u00e4ltiger inhaltlicher Kontrolle \u00fcbernehmen wir keine Haftung f\u00fcr die Inhalte externer Links. F\u00fcr den&hellip;<\/p>","protected":false},"author":1,"featured_media":0,"parent":0,"menu_order":10,"comment_status":"closed","ping_status":"closed","template":"elementor_header_footer","meta":{"_seopress_robots_primary_cat":"","_seopress_titles_title":"","_seopress_titles_desc":"","_seopress_robots_index":"","footnotes":""},"class_list":["post-2888","page","type-page","status-publish","hentry"],"_links":{"self":[{"href":"https:\/\/karriere-naturavitalis.de\/ru\/wp-json\/wp\/v2\/pages\/2888","targetHints":{"allow":["GET"]}}],"collection":[{"href":"https:\/\/karriere-naturavitalis.de\/ru\/wp-json\/wp\/v2\/pages"}],"about":[{"href":"https:\/\/karriere-naturavitalis.de\/ru\/wp-json\/wp\/v2\/types\/page"}],"author":[{"embeddable":true,"href":"https:\/\/karriere-naturavitalis.de\/ru\/wp-json\/wp\/v2\/users\/1"}],"replies":[{"embeddable":true,"href":"https:\/\/karriere-naturavitalis.de\/ru\/wp-json\/wp\/v2\/comments?post=2888"}],"version-history":[{"count":0,"href":"https:\/\/karriere-naturavitalis.de\/ru\/wp-json\/wp\/v2\/pages\/2888\/revisions"}],"wp:attachment":[{"href":"https:\/\/karriere-naturavitalis.de\/ru\/wp-json\/wp\/v2\/media?parent=2888"}],"curies":[{"name":"wp","href":"https:\/\/api.w.org\/{rel}","templated":true}]}}