{"id":2888,"date":"2021-04-19T15:38:33","date_gmt":"2021-04-19T15:38:33","guid":{"rendered":"https:\/\/nv.inspirationfactory.net\/?page_id=2888"},"modified":"2021-04-20T19:37:59","modified_gmt":"2021-04-20T19:37:59","slug":"impressum","status":"publish","type":"page","link":"https:\/\/karriere-naturavitalis.de\/pt\/impressum\/","title":{"rendered":"Impresso"},"content":{"rendered":"<div data-elementor-type=\"wp-page\" data-elementor-id=\"2888\" class=\"elementor elementor-2888\" data-elementor-post-type=\"page\">\n\t\t\t\t\t\t<section class=\"elementor-section elementor-top-section elementor-element elementor-element-2edbf245 elementor-section-boxed elementor-section-height-default elementor-section-height-default\" data-id=\"2edbf245\" data-element_type=\"section\">\n\t\t\t\t\t\t<div class=\"elementor-container elementor-column-gap-wider\">\n\t\t\t\t\t<div class=\"elementor-column elementor-col-100 elementor-top-column elementor-element elementor-element-c9ce3d5\" data-id=\"c9ce3d5\" data-element_type=\"column\">\n\t\t\t<div class=\"elementor-widget-wrap elementor-element-populated\">\n\t\t\t\t\t\t<div class=\"elementor-element elementor-element-a894d8f elementor-widget elementor-widget-heading\" data-id=\"a894d8f\" data-element_type=\"widget\" data-widget_type=\"heading.default\">\n\t\t\t\t<div class=\"elementor-widget-container\">\n\t\t\t\t\t<h2 class=\"elementor-heading-title elementor-size-default\">Impresso<\/h2>\t\t\t\t<\/div>\n\t\t\t\t<\/div>\n\t\t\t\t<div class=\"elementor-element elementor-element-5d17c46 elementor-widget elementor-widget-text-editor\" data-id=\"5d17c46\" data-element_type=\"widget\" data-widget_type=\"text-editor.default\">\n\t\t\t\t<div class=\"elementor-widget-container\">\n\t\t\t\t\t\t\t\t\t<p class=\"p1\"><span class=\"s1\"><strong>Natura Vitalis\u00ae BV<\/strong><\/span><\/p><p class=\"p2\"><span class=\"s1\">Diretor Geral: Sr. Frank Felte<\/span><\/p><p class=\"p2\"><span class=\"s1\">Groeneweg 12<br \/>6041 AX Roermond<br \/>Pa\u00edses Baixos<\/span><\/p><p class=\"p2\"><span class=\"s1\">Telefone: +31 (475) 63 41 92<br \/>Fax: +31 (475) 33 40 22<br \/>eMail:\u00a0<a href=\"\/pt\/&\/#109;&#97;&#x69;&#x6c;&#116;&#111;&#x3a;&#x69;&#110;&#102;&#x6f;&#x40;&#110;&#97;&#x74;&#x75;&#114;&#97;&#x76;&#x69;&#116;&#97;&#x6c;&#x69;&#115;&#46;&#x63;&#x6f;&#109;\"><span class=\"s3\">&#105;&#x6e;&#x66;o&#64;&#x6e;a&#116;&#x75;&#x72;a&#118;&#x69;t&#97;&#x6c;&#x69;s&#46;&#x63;o&#109;<\/span><\/a><br \/>N\u00famero de identifica\u00e7\u00e3o fiscal de vendas: NL813292621B01<\/span><\/p><p class=\"p2\"><span class=\"s1\">Registro comercial K.v.K Haaglanden<br \/>27267388<\/span><\/p><p class=\"p1\"><span class=\"s1\"><strong>Dados banc\u00e1rios<\/strong><\/span><\/p><p class=\"p2\"><span class=\"s1\">BANCO: Geno-Volks-Bank Essen<\/span><\/p><p class=\"p2\"><span class=\"s1\">BIC: GENODEM1GBE<\/span><\/p><p class=\"p2\"><span class=\"s1\">IBAN: DE98 3606 0488 0405 3329 00<\/span><\/p><p class=\"p2\"><span class=\"s1\"><em>Aviso de Responsabilidade Civil:<\/em><br \/>Apesar do controle cuidadoso do conte\u00fado, n\u00e3o assumimos nenhuma responsabilidade pelo conte\u00fado de links externos. Os operadores das p\u00e1ginas ligadas s\u00e3o os \u00fanicos respons\u00e1veis pelo seu conte\u00fado.<\/span><\/p>\t\t\t\t\t\t\t\t<\/div>\n\t\t\t\t<\/div>\n\t\t\t\t\t<\/div>\n\t\t<\/div>\n\t\t\t\t\t<\/div>\n\t\t<\/section>\n\t\t\t\t<\/div>","protected":false},"excerpt":{"rendered":"<p>Impressum Natura Vitalis\u00ae BV Gesch\u00e4ftsf\u00fchrer: Herr Frank Felte Groeneweg 126041 AX RoermondNiederlande Telefon: +31 (475) 63 41 92Telefax: +31 (475) 33 40 22eMail:\u00a0&#x69;&#x6e;&#x66;&#x6f;&#x40;&#x6e;&#97;&#116;&#117;&#114;avit&#x61;&#x6c;&#x69;&#x73;&#x2e;&#x63;&#111;&#109;Umsatzsteueridentifikationsnummer: NL813292621B01 Handelsregister K.v.K Haaglanden27267388 Bankverbindung BANK: Geno-Volks-Bank Essen BIC: GENODEM1GBE IBAN: DE98 3606 0488 0405 3329 00 Haftungshinweis:Trotz sorgf\u00e4ltiger inhaltlicher Kontrolle \u00fcbernehmen wir keine Haftung f\u00fcr die Inhalte externer Links. F\u00fcr den&hellip;<\/p>","protected":false},"author":1,"featured_media":0,"parent":0,"menu_order":10,"comment_status":"closed","ping_status":"closed","template":"elementor_header_footer","meta":{"_seopress_robots_primary_cat":"","_seopress_titles_title":"","_seopress_titles_desc":"","_seopress_robots_index":"","footnotes":""},"class_list":["post-2888","page","type-page","status-publish","hentry"],"_links":{"self":[{"href":"https:\/\/karriere-naturavitalis.de\/pt\/wp-json\/wp\/v2\/pages\/2888","targetHints":{"allow":["GET"]}}],"collection":[{"href":"https:\/\/karriere-naturavitalis.de\/pt\/wp-json\/wp\/v2\/pages"}],"about":[{"href":"https:\/\/karriere-naturavitalis.de\/pt\/wp-json\/wp\/v2\/types\/page"}],"author":[{"embeddable":true,"href":"https:\/\/karriere-naturavitalis.de\/pt\/wp-json\/wp\/v2\/users\/1"}],"replies":[{"embeddable":true,"href":"https:\/\/karriere-naturavitalis.de\/pt\/wp-json\/wp\/v2\/comments?post=2888"}],"version-history":[{"count":0,"href":"https:\/\/karriere-naturavitalis.de\/pt\/wp-json\/wp\/v2\/pages\/2888\/revisions"}],"wp:attachment":[{"href":"https:\/\/karriere-naturavitalis.de\/pt\/wp-json\/wp\/v2\/media?parent=2888"}],"curies":[{"name":"wp","href":"https:\/\/api.w.org\/{rel}","templated":true}]}}