{"id":2888,"date":"2021-04-19T15:38:33","date_gmt":"2021-04-19T15:38:33","guid":{"rendered":"https:\/\/nv.inspirationfactory.net\/?page_id=2888"},"modified":"2021-04-20T19:37:59","modified_gmt":"2021-04-20T19:37:59","slug":"impressum","status":"publish","type":"page","link":"https:\/\/karriere-naturavitalis.de\/en\/impressum\/","title":{"rendered":"Imprint"},"content":{"rendered":"<div data-elementor-type=\"wp-page\" data-elementor-id=\"2888\" class=\"elementor elementor-2888\" data-elementor-post-type=\"page\">\n\t\t\t\t\t\t<section class=\"elementor-section elementor-top-section elementor-element elementor-element-2edbf245 elementor-section-boxed elementor-section-height-default elementor-section-height-default\" data-id=\"2edbf245\" data-element_type=\"section\">\n\t\t\t\t\t\t<div class=\"elementor-container elementor-column-gap-wider\">\n\t\t\t\t\t<div class=\"elementor-column elementor-col-100 elementor-top-column elementor-element elementor-element-c9ce3d5\" data-id=\"c9ce3d5\" data-element_type=\"column\">\n\t\t\t<div class=\"elementor-widget-wrap elementor-element-populated\">\n\t\t\t\t\t\t<div class=\"elementor-element elementor-element-a894d8f elementor-widget elementor-widget-heading\" data-id=\"a894d8f\" data-element_type=\"widget\" data-widget_type=\"heading.default\">\n\t\t\t\t<div class=\"elementor-widget-container\">\n\t\t\t\t\t<h2 class=\"elementor-heading-title elementor-size-default\">Imprint<\/h2>\t\t\t\t<\/div>\n\t\t\t\t<\/div>\n\t\t\t\t<div class=\"elementor-element elementor-element-5d17c46 elementor-widget elementor-widget-text-editor\" data-id=\"5d17c46\" data-element_type=\"widget\" data-widget_type=\"text-editor.default\">\n\t\t\t\t<div class=\"elementor-widget-container\">\n\t\t\t\t\t\t\t\t\t<p class=\"p1\"><span class=\"s1\"><strong>Natura Vitalis\u00ae BV<\/strong><\/span><\/p><p class=\"p2\"><span class=\"s1\">Managing Director: Mr. Frank Felte<\/span><\/p><p class=\"p2\"><span class=\"s1\">Groeneweg 12<br \/>6041 AX Roermond<br \/>Netherlands<\/span><\/p><p class=\"p2\"><span class=\"s1\">Phone: +31 (475) 63 41 92<br \/>Fax: +31 (475) 33 40 22<br \/>eMail:\u00a0<a href=\"\/en\/&\/#x6d;a&#x69;&#108;&#x74;&#111;&#x3a;&#x69;n&#x66;&#111;&#x40;&#110;&#x61;&#116;u&#x72;&#97;&#x76;&#105;&#x74;&#97;l&#x69;&#115;&#x2e;&#99;&#x6f;&#109;\"><span class=\"s3\">&#x69;&#110;f&#x6f;&#64;&#110;&#x61;&#x74;&#117;r&#x61;&#118;i&#x74;&#x61;&#108;i&#x73;&#46;c&#x6f;&#x6d;<\/span><\/a><br \/>Sales tax identification number: NL813292621B01<\/span><\/p><p class=\"p2\"><span class=\"s1\">Commercial register K.v.K Haaglanden<br \/>27267388<\/span><\/p><p class=\"p1\"><span class=\"s1\"><strong>Bank details<\/strong><\/span><\/p><p class=\"p2\"><span class=\"s1\">BANK: Geno-Volks-Bank Essen<\/span><\/p><p class=\"p2\"><span class=\"s1\">BIC: GENODEM1GBE<\/span><\/p><p class=\"p2\"><span class=\"s1\">IBAN: DE98 3606 0488 0405 3329 00<\/span><\/p><p class=\"p2\"><span class=\"s1\"><em>Liability Notice:<\/em><br \/>Despite careful control of the content, we assume no liability for the content of external links. The operators of the linked pages are solely responsible for their content.<\/span><\/p>\t\t\t\t\t\t\t\t<\/div>\n\t\t\t\t<\/div>\n\t\t\t\t\t<\/div>\n\t\t<\/div>\n\t\t\t\t\t<\/div>\n\t\t<\/section>\n\t\t\t\t<\/div>","protected":false},"excerpt":{"rendered":"<p>Impressum Natura Vitalis\u00ae BV Gesch\u00e4ftsf\u00fchrer: Herr Frank Felte Groeneweg 126041 AX RoermondNiederlande Telefon: +31 (475) 63 41 92Telefax: +31 (475) 33 40 22eMail:\u00a0&#105;&#x6e;&#102;&#x6f;&#64;&#x6e;a&#116;&#x75;&#114;&#x61;&#118;&#x69;t&#x61;l&#105;&#x73;&#46;&#x63;o&#x6d;Umsatzsteueridentifikationsnummer: NL813292621B01 Handelsregister K.v.K Haaglanden27267388 Bankverbindung BANK: Geno-Volks-Bank Essen BIC: GENODEM1GBE IBAN: DE98 3606 0488 0405 3329 00 Haftungshinweis:Trotz sorgf\u00e4ltiger inhaltlicher Kontrolle \u00fcbernehmen wir keine Haftung f\u00fcr die Inhalte externer Links. F\u00fcr den&hellip;<\/p>","protected":false},"author":1,"featured_media":0,"parent":0,"menu_order":10,"comment_status":"closed","ping_status":"closed","template":"elementor_header_footer","meta":{"_seopress_robots_primary_cat":"","_seopress_titles_title":"","_seopress_titles_desc":"","_seopress_robots_index":"","footnotes":""},"class_list":["post-2888","page","type-page","status-publish","hentry"],"_links":{"self":[{"href":"https:\/\/karriere-naturavitalis.de\/en\/wp-json\/wp\/v2\/pages\/2888","targetHints":{"allow":["GET"]}}],"collection":[{"href":"https:\/\/karriere-naturavitalis.de\/en\/wp-json\/wp\/v2\/pages"}],"about":[{"href":"https:\/\/karriere-naturavitalis.de\/en\/wp-json\/wp\/v2\/types\/page"}],"author":[{"embeddable":true,"href":"https:\/\/karriere-naturavitalis.de\/en\/wp-json\/wp\/v2\/users\/1"}],"replies":[{"embeddable":true,"href":"https:\/\/karriere-naturavitalis.de\/en\/wp-json\/wp\/v2\/comments?post=2888"}],"version-history":[{"count":0,"href":"https:\/\/karriere-naturavitalis.de\/en\/wp-json\/wp\/v2\/pages\/2888\/revisions"}],"wp:attachment":[{"href":"https:\/\/karriere-naturavitalis.de\/en\/wp-json\/wp\/v2\/media?parent=2888"}],"curies":[{"name":"wp","href":"https:\/\/api.w.org\/{rel}","templated":true}]}}